{"id":28,"date":"2019-06-18T20:27:31","date_gmt":"2019-06-18T23:27:31","guid":{"rendered":"http:\/\/cetcmc.com.br\/?page_id=28"},"modified":"2026-02-09T15:17:37","modified_gmt":"2026-02-09T18:17:37","slug":"processo-seletivo","status":"publish","type":"page","link":"https:\/\/cetcmc.com.br\/index.php\/processo-seletivo\/","title":{"rendered":"Processo Seletivo 2026"},"content":{"rendered":"\n<p>A Comiss\u00e3o de Processo Seletivo do <strong>Centro de Ensino e Treinamento em Anestesiologia \u2013 Centro M\u00e9dico de Campinas (CET\/CMC)<\/strong> divulga os <strong>APROVADOS em SEGUNDA CHAMADA <\/strong>no processo seletivo e convocados para <strong>MATR\u00cdCULA<\/strong>.<\/p>\n\n\n\n<p><strong>SEGUNDA CHAMADA:<\/strong><\/p>\n\n\n\n<ol start=\"14\" class=\"wp-block-list\">\n<li>Mariana Quadros Galvani<\/li>\n\n\n\n<li>Ludmila Elayne Magalh\u00e3es Lyrio<\/li>\n<\/ol>\n\n\n\n<p><strong>Matr\u00edculas:<\/strong><\/p>\n\n\n\n<p><strong>Datas: 10 e 11 de fevereiro de 2026.<br>Hor\u00e1rio: 9h \u00e0s 11h30 ou 13h30 \u00e0s 16h30.<\/strong><\/p>\n\n\n\n<p>____________________________________________________<\/p>\n\n\n\n<p><strong>APROVADOS (em ordem alfab\u00e9tica):<\/strong><\/p>\n\n\n\n<p>Alice Pinheiro Vanetti<br>Carolina Contiero Rosa<br>Gabriel Chiarelo Capanelli<br>Gabriela Pinheiro dos Santos<br>Gustavo de Sousa Azevedo<br>Gustavo Rodrigues Caldas Louren\u00e7\u00e3o<br>Helena Ribeiro Rosa<br>Ingrid Eloise Trombine Batista<br>Juliana Montandon de Abreu<br>Leonardo Dacaro<br>Lucas Rospendowski Fiorini<br>Maria Fernanda Lopes Concei\u00e7\u00e3o<br>Tais Gon\u00e7alves Querino da Silva<\/p>\n\n\n\n<p><strong>LISTA DE ESPERA &#8211; EM ORDEM DE CLASSIFICA\u00c7\u00c3O &#8211; 14 ao 36 (CONFORME EDITAL)<\/strong><\/p>\n\n\n\n<ol start=\"14\" class=\"wp-block-list\">\n<li>Mariana Quadros Galvani<\/li>\n\n\n\n<li>Ludmila Elayne Magalh\u00e3es Lyrio<\/li>\n\n\n\n<li>Mariani Pereira Guilhen<\/li>\n\n\n\n<li>Said Lelis Charanek<\/li>\n\n\n\n<li>Fernando de Jesus Alonso<\/li>\n\n\n\n<li>Maria Clara Leveghim<\/li>\n\n\n\n<li>Fernando D Angelo Vanni<\/li>\n\n\n\n<li>Guilherme Fantinato<\/li>\n\n\n\n<li>Aline An\u00e9zio<\/li>\n\n\n\n<li>Leonardo Nunes Boccaletti<\/li>\n\n\n\n<li>Caio Eduardo Alves<\/li>\n\n\n\n<li>Laura Faleiros de Lima<\/li>\n\n\n\n<li>Isadora Guerra Nascimento<\/li>\n\n\n\n<li>Caio Augusto Leme Fujiura<\/li>\n\n\n\n<li>Felipe Augusto Garcia Aires<\/li>\n\n\n\n<li>Williane Mesquita Bastos<\/li>\n\n\n\n<li>Igor Marques Schiavetto<\/li>\n\n\n\n<li>Luiz Phillipe Silva Azevedo<\/li>\n\n\n\n<li>Luiz Henrique Tenorio de Carvalho<\/li>\n\n\n\n<li>Thales Muller Silverio Alves<\/li>\n\n\n\n<li>Lucca Reis Giraldi<\/li>\n\n\n\n<li>Mariana Soeiro Ajona<\/li>\n\n\n\n<li>Bruno de Campos Secco<\/li>\n<\/ol>\n\n\n\n<p>As <strong>matr\u00edculas<\/strong> dos candidatos aprovados no processo seletivo 2026 dever\u00e3o ser realizadas na Funda\u00e7\u00e3o Affonso Ferreira, localizada dentro do Hospital Santa Sofia, situado a Avenida Andrade Neves, 611, Botafogo, com a secret\u00e1ria Silvana Garcia, segundo as informa\u00e7\u00f5es listadas abaixo:<\/p>\n\n\n\n<p><strong>Datas: 28, 29 e 30 de janeiro de 2026.<br>Hor\u00e1rio: 9h \u00e0s 11h30 ou 13h30 \u00e0s 16h30.<\/strong><\/p>\n\n\n\n<p>Nesses dias o candidato aprovado assinar\u00e1 o Termo de Matr\u00edcula, bem como receber\u00e1 as orienta\u00e7\u00f5es necess\u00e1rias para o in\u00edcio do Curso de Especializa\u00e7\u00e3o.<\/p>\n\n\n\n<p>Para os aprovados, toda documenta\u00e7\u00e3o, abaixo solicitada, dever\u00e1 ser enviada, impreterivelmente, em arquivo PDF, para o e-mail: processoseletivo@cetcmc.com.br:<\/p>\n\n\n\n<ul class=\"wp-block-list\">\n<li>Foto 3&#215;4 recente<\/li>\n\n\n\n<li>Cart\u00e3o ou Carteira do Conselho Regional de Medicina (CRM) do Estado de S\u00e3o Paulo. No caso de candidato formado em 2025 ou oriundo de outro estado, o candidato aprovado dever\u00e1 apresentar o protocolo de inscri\u00e7\u00e3o do registro no CRM-SP (CREMESP) ou Cart\u00e3o ou Carteira CRM do seu estado de origem;<\/li>\n\n\n\n<li>Certid\u00e3o de quita\u00e7\u00e3o do pagamento do CREMESP do ano vigente (2025);<\/li>\n\n\n\n<li>Diploma de gradua\u00e7\u00e3o em Medicina ou atestado de conclus\u00e3o do curso de Medicina;<\/li>\n\n\n\n<li>Documento oficial com foto (CNH ou RG).<\/li>\n\n\n\n<li>Carteira de vacina\u00e7\u00e3o \u2013 \u00e9 imprescind\u00edvel a apresenta\u00e7\u00e3o do esquema vacinal:<\/li>\n\n\n\n<li>Vacina Triplice Viral, Hepatite B (ou anti HBsAg);<\/li>\n\n\n\n<li>Vacina contra o T\u00e9tano \u2013 se a \u00faltima dose for com mais de 10 anos, o M\u00e9dico em Especializa\u00e7\u00e3o dever\u00e1 tomar refor\u00e7o no Centro de Sa\u00fade ou Cl\u00ednica de Vacinas;<\/li>\n\n\n\n<li>CORONAV\u00cdRUS \u2013 4 doses;<\/li>\n\n\n\n<li>Influenza.<\/li>\n<\/ul>\n\n\n\n<p>N\u00e3o \u00e9 necess\u00e1rio ter c\u00f3pias autenticadas dos documentos.<\/p>\n\n\n\n<p>O CET\/CMC oferece um ambiente de excel\u00eancia para a forma\u00e7\u00e3o em anestesiologia, contando com <strong>16 instrutores com titula\u00e7\u00e3o TSA\/SBA<\/strong> e <strong>09 instrutores com titula\u00e7\u00e3o TEA\/SBA<\/strong>, que garantem acompanhamento pr\u00f3ximo e qualificado ao longo de toda a especializa\u00e7\u00e3o.<\/p>\n\n\n\n<p>O programa \u00e9 vinculado \u00e0 <strong>Cl\u00ednica Campinense de Anestesiologia (CCA)<\/strong>, institui\u00e7\u00e3o reconhecida pela qualidade de sua pr\u00e1tica e gest\u00e3o, detentora do <strong>selo de acredita\u00e7\u00e3o QMentum Diamond<\/strong>, refer\u00eancia internacional em seguran\u00e7a e qualidade em sa\u00fade.<\/p>\n\n\n\n<p>Essa estrutura proporciona ao m\u00e9dico em especializa\u00e7\u00e3o contato direto com tecnologia de ponta, casos de alta complexidade e um modelo de ensino s\u00f3lido, preparando o anestesiologista para atuar com compet\u00eancia e seguran\u00e7a.<\/p>\n\n\n\n<p><strong>Consulte o edital:<\/strong><\/p>\n\n\n\n<p><a href=\"http:\/\/www.cetcmc.com.br\/Edital_CETCMC_2026.pdf\">Edital<\/a><\/p>\n\n\n\n<p><em>Canais de Comunica\u00e7\u00e3o:<\/em><\/p>\n\n\n\n<p><a href=\"http:\/\/instagram.com\/anestesiologiacentromedico\">Instagram CET Centro M\u00e9dico de Campinas<\/a><\/p>\n\n\n\n<p><a href=\"http:\/\/instagram.com\/anestesiologiacentromedico\">Instagram Cl\u00ednica Campinense de Anestesiologia<\/a><\/p>\n\n\n\n<p><a href=\"https:\/\/www.anestesiacca.com.br\/\">Site Cl\u00ednica Campinense de Anestesiologia<\/a><\/p>\n\n\n\n<p>Tem d\u00favidas? Fale conosco atrav\u00e9s dos canais:<\/p>\n\n\n\n<table role=\"presentation\" cellspacing=\"0\" cellpadding=\"0\" border=\"0\" align=\"center\" style=\"margin:20px auto;\">\n  <tr>\n    <td align=\"center\" style=\"padding:10px;\">\n      <!-- Bot\u00e3o de E-mail -->\n      <a href=\"mailto:processoseletivo@cetcmc.com.br\" \n         style=\"background:#0073e6; color:#fff; padding:12px 20px; text-decoration:none; border-radius:6px; font-family:Arial, sans-serif; display:inline-block;\">\n        \ud83d\udce7 Enviar E-mail\n      <\/a>\n    <\/td>\n    <td align=\"center\" style=\"padding:10px;\">\n      <!-- Bot\u00e3o WhatsApp -->\n      <a href=\"https:\/\/wa.me\/5519999862592\" \n         style=\"background:#25D366; color:#fff; padding:12px 20px; text-decoration:none; border-radius:6px; font-family:Arial, sans-serif; display:inline-block;\">\n        <img decoding=\"async\" src=\"https:\/\/upload.wikimedia.org\/wikipedia\/commons\/6\/6b\/WhatsApp.svg\" \n             alt=\"WhatsApp\" width=\"16\" height=\"16\" style=\"vertical-align:middle; margin-right:6px;\">\n        Conversar no WhatsApp\n      <\/a>\n    <\/td>\n  <\/tr>\n<\/table>\n","protected":false},"excerpt":{"rendered":"<p>A Comiss\u00e3o de Processo Seletivo do Centro de Ensino e Treinamento em Anestesiologia \u2013 Centro M\u00e9dico de Campinas (CET\/CMC) divulga os APROVADOS em SEGUNDA CHAMADA no processo seletivo e convocados para MATR\u00cdCULA. SEGUNDA CHAMADA: Matr\u00edculas: Datas: 10 e 11 de fevereiro de 2026.Hor\u00e1rio: 9h \u00e0s 11h30 ou 13h30 \u00e0s 16h30. ____________________________________________________ APROVADOS (em ordem alfab\u00e9tica): [&hellip;]<\/p>\n","protected":false},"author":1,"featured_media":0,"parent":0,"menu_order":0,"comment_status":"closed","ping_status":"closed","template":"","meta":{"footnotes":""},"class_list":["post-28","page","type-page","status-publish","hentry"],"_links":{"self":[{"href":"https:\/\/cetcmc.com.br\/index.php\/wp-json\/wp\/v2\/pages\/28","targetHints":{"allow":["GET"]}}],"collection":[{"href":"https:\/\/cetcmc.com.br\/index.php\/wp-json\/wp\/v2\/pages"}],"about":[{"href":"https:\/\/cetcmc.com.br\/index.php\/wp-json\/wp\/v2\/types\/page"}],"author":[{"embeddable":true,"href":"https:\/\/cetcmc.com.br\/index.php\/wp-json\/wp\/v2\/users\/1"}],"replies":[{"embeddable":true,"href":"https:\/\/cetcmc.com.br\/index.php\/wp-json\/wp\/v2\/comments?post=28"}],"version-history":[{"count":102,"href":"https:\/\/cetcmc.com.br\/index.php\/wp-json\/wp\/v2\/pages\/28\/revisions"}],"predecessor-version":[{"id":654,"href":"https:\/\/cetcmc.com.br\/index.php\/wp-json\/wp\/v2\/pages\/28\/revisions\/654"}],"wp:attachment":[{"href":"https:\/\/cetcmc.com.br\/index.php\/wp-json\/wp\/v2\/media?parent=28"}],"curies":[{"name":"wp","href":"https:\/\/api.w.org\/{rel}","templated":true}]}}